{"id":1954,"date":"2025-09-07T23:46:02","date_gmt":"2025-09-07T21:46:02","guid":{"rendered":"https:\/\/www.deku.es\/equipo\/"},"modified":"2026-04-27T16:30:14","modified_gmt":"2026-04-27T14:30:14","slug":"equipo","status":"publish","type":"page","link":"https:\/\/www.deku.es\/es\/equipo\/","title":{"rendered":"Equipo"},"content":{"rendered":"\t\t<div data-elementor-type=\"wp-page\" data-elementor-id=\"1954\" class=\"elementor elementor-1954 elementor-160\" data-elementor-post-type=\"page\">\n\t\t\t\t<div class=\"elementor-element elementor-element-24375e0 e-flex e-con-boxed e-con e-parent\" data-id=\"24375e0\" data-element_type=\"container\" data-e-type=\"container\" data-settings=\"{&quot;background_background&quot;:&quot;classic&quot;,&quot;background_motion_fx_motion_fx_scrolling&quot;:&quot;yes&quot;,&quot;background_motion_fx_scale_effect&quot;:&quot;yes&quot;,&quot;background_motion_fx_scale_direction&quot;:&quot;out-in&quot;,&quot;background_motion_fx_scale_speed&quot;:{&quot;unit&quot;:&quot;px&quot;,&quot;size&quot;:4,&quot;sizes&quot;:[]},&quot;background_motion_fx_scale_range&quot;:{&quot;unit&quot;:&quot;%&quot;,&quot;size&quot;:&quot;&quot;,&quot;sizes&quot;:{&quot;start&quot;:20,&quot;end&quot;:80}},&quot;background_motion_fx_devices&quot;:[&quot;desktop&quot;,&quot;tablet&quot;,&quot;mobile&quot;]}\">\n\t\t\t\t\t<div class=\"e-con-inner\">\n\t\t\t\t<div class=\"elementor-element elementor-element-2e215a4 elementor-widget elementor-widget-heading\" data-id=\"2e215a4\" data-element_type=\"widget\" data-e-type=\"widget\" data-widget_type=\"heading.default\">\n\t\t\t\t<div class=\"elementor-widget-container\">\n\t\t\t\t\t<h2 class=\"elementor-heading-title elementor-size-default\">s\u00f3lo sois fuertes juntos<\/h2>\t\t\t\t<\/div>\n\t\t\t\t<\/div>\n\t\t\t\t<div class=\"elementor-element elementor-element-21f88d0 elementor-widget elementor-widget-heading\" data-id=\"21f88d0\" data-element_type=\"widget\" data-e-type=\"widget\" data-widget_type=\"heading.default\">\n\t\t\t\t<div class=\"elementor-widget-container\">\n\t\t\t\t\t<h1 class=\"elementor-heading-title elementor-size-default\">EQUIPO deku<\/h1>\t\t\t\t<\/div>\n\t\t\t\t<\/div>\n\t\t\t\t<div class=\"elementor-element elementor-element-32d55b1 elementor-widget elementor-widget-text-editor\" data-id=\"32d55b1\" data-element_type=\"widget\" data-e-type=\"widget\" data-widget_type=\"text-editor.default\">\n\t\t\t\t<div class=\"elementor-widget-container\">\n\t\t\t\t\t\t\t\t\t<p>Desde planificadores experimentados a mentes creativas: nuestro equipo combina experiencia, pasi\u00f3n y sentido del estilo para tu cocina perfecta.<\/p>\t\t\t\t\t\t\t\t<\/div>\n\t\t\t\t<\/div>\n\t\t\t\t<div class=\"elementor-element elementor-element-7aec94c elementor-grid-1 elementor-widget__width-auto elementor-absolute elementor-grid-mobile-1 elementor-shape-rounded e-grid-align-center elementor-widget elementor-widget-social-icons\" data-id=\"7aec94c\" data-element_type=\"widget\" data-e-type=\"widget\" data-settings=\"{&quot;_position&quot;:&quot;absolute&quot;}\" data-widget_type=\"social-icons.default\">\n\t\t\t\t<div class=\"elementor-widget-container\">\n\t\t\t\t\t\t\t<div class=\"elementor-social-icons-wrapper elementor-grid\" role=\"list\">\n\t\t\t\t\t\t\t<span class=\"elementor-grid-item\" role=\"listitem\">\n\t\t\t\t\t<a class=\"elementor-icon elementor-social-icon elementor-social-icon-instagram elementor-animation-grow elementor-repeater-item-fb6f328\" href=\"https:\/\/www.instagram.com\/deku.mallorca\/\" target=\"_blank\">\n\t\t\t\t\t\t<span class=\"elementor-screen-only\">Instagram<\/span>\n\t\t\t\t\t\t<svg aria-hidden=\"true\" class=\"e-font-icon-svg e-fab-instagram\" viewBox=\"0 0 448 512\" xmlns=\"http:\/\/www.w3.org\/2000\/svg\"><path d=\"M224.1 141c-63.6 0-114.9 51.3-114.9 114.9s51.3 114.9 114.9 114.9S339 319.5 339 255.9 287.7 141 224.1 141zm0 189.6c-41.1 0-74.7-33.5-74.7-74.7s33.5-74.7 74.7-74.7 74.7 33.5 74.7 74.7-33.6 74.7-74.7 74.7zm146.4-194.3c0 14.9-12 26.8-26.8 26.8-14.9 0-26.8-12-26.8-26.8s12-26.8 26.8-26.8 26.8 12 26.8 26.8zm76.1 27.2c-1.7-35.9-9.9-67.7-36.2-93.9-26.2-26.2-58-34.4-93.9-36.2-37-2.1-147.9-2.1-184.9 0-35.8 1.7-67.6 9.9-93.9 36.1s-34.4 58-36.2 93.9c-2.1 37-2.1 147.9 0 184.9 1.7 35.9 9.9 67.7 36.2 93.9s58 34.4 93.9 36.2c37 2.1 147.9 2.1 184.9 0 35.9-1.7 67.7-9.9 93.9-36.2 26.2-26.2 34.4-58 36.2-93.9 2.1-37 2.1-147.8 0-184.8zM398.8 388c-7.8 19.6-22.9 34.7-42.6 42.6-29.5 11.7-99.5 9-132.1 9s-102.7 2.6-132.1-9c-19.6-7.8-34.7-22.9-42.6-42.6-11.7-29.5-9-99.5-9-132.1s-2.6-102.7 9-132.1c7.8-19.6 22.9-34.7 42.6-42.6 29.5-11.7 99.5-9 132.1-9s102.7-2.6 132.1 9c19.6 7.8 34.7 22.9 42.6 42.6 11.7 29.5 9 99.5 9 132.1s2.7 102.7-9 132.1z\"><\/path><\/svg>\t\t\t\t\t<\/a>\n\t\t\t\t<\/span>\n\t\t\t\t\t\t\t<span class=\"elementor-grid-item\" role=\"listitem\">\n\t\t\t\t\t<a class=\"elementor-icon elementor-social-icon elementor-social-icon-facebook elementor-animation-grow elementor-repeater-item-902d5c1\" href=\"https:\/\/www.facebook.com\/deku.mallorca\" target=\"_blank\">\n\t\t\t\t\t\t<span class=\"elementor-screen-only\">Facebook<\/span>\n\t\t\t\t\t\t<svg aria-hidden=\"true\" class=\"e-font-icon-svg e-fab-facebook\" viewBox=\"0 0 512 512\" xmlns=\"http:\/\/www.w3.org\/2000\/svg\"><path d=\"M504 256C504 119 393 8 256 8S8 119 8 256c0 123.78 90.69 226.38 209.25 245V327.69h-63V256h63v-54.64c0-62.15 37-96.48 93.67-96.48 27.14 0 55.52 4.84 55.52 4.84v61h-31.28c-30.8 0-40.41 19.12-40.41 38.73V256h68.78l-11 71.69h-57.78V501C413.31 482.38 504 379.78 504 256z\"><\/path><\/svg>\t\t\t\t\t<\/a>\n\t\t\t\t<\/span>\n\t\t\t\t\t\t\t<span class=\"elementor-grid-item\" role=\"listitem\">\n\t\t\t\t\t<a class=\"elementor-icon elementor-social-icon elementor-social-icon-envelope elementor-animation-grow elementor-repeater-item-bbd7dda\" href=\"mailto:info@deku.es\" target=\"_blank\">\n\t\t\t\t\t\t<span class=\"elementor-screen-only\">Envelope<\/span>\n\t\t\t\t\t\t<svg aria-hidden=\"true\" class=\"e-font-icon-svg e-far-envelope\" viewBox=\"0 0 512 512\" xmlns=\"http:\/\/www.w3.org\/2000\/svg\"><path d=\"M464 64H48C21.49 64 0 85.49 0 112v288c0 26.51 21.49 48 48 48h416c26.51 0 48-21.49 48-48V112c0-26.51-21.49-48-48-48zm0 48v40.805c-22.422 18.259-58.168 46.651-134.587 106.49-16.841 13.247-50.201 45.072-73.413 44.701-23.208.375-56.579-31.459-73.413-44.701C106.18 199.465 70.425 171.067 48 152.805V112h416zM48 400V214.398c22.914 18.251 55.409 43.862 104.938 82.646 21.857 17.205 60.134 55.186 103.062 54.955 42.717.231 80.509-37.199 103.053-54.947 49.528-38.783 82.032-64.401 104.947-82.653V400H48z\"><\/path><\/svg>\t\t\t\t\t<\/a>\n\t\t\t\t<\/span>\n\t\t\t\t\t\t\t<span class=\"elementor-grid-item\" role=\"listitem\">\n\t\t\t\t\t<a class=\"elementor-icon elementor-social-icon elementor-social-icon-whatsapp elementor-animation-grow elementor-repeater-item-ea962f1\" href=\"https:\/\/wa.me\/34677458681\" target=\"_blank\">\n\t\t\t\t\t\t<span class=\"elementor-screen-only\">Whatsapp<\/span>\n\t\t\t\t\t\t<svg aria-hidden=\"true\" class=\"e-font-icon-svg e-fab-whatsapp\" viewBox=\"0 0 448 512\" xmlns=\"http:\/\/www.w3.org\/2000\/svg\"><path d=\"M380.9 97.1C339 55.1 283.2 32 223.9 32c-122.4 0-222 99.6-222 222 0 39.1 10.2 77.3 29.6 111L0 480l117.7-30.9c32.4 17.7 68.9 27 106.1 27h.1c122.3 0 224.1-99.6 224.1-222 0-59.3-25.2-115-67.1-157zm-157 341.6c-33.2 0-65.7-8.9-94-25.7l-6.7-4-69.8 18.3L72 359.2l-4.4-7c-18.5-29.4-28.2-63.3-28.2-98.2 0-101.7 82.8-184.5 184.6-184.5 49.3 0 95.6 19.2 130.4 54.1 34.8 34.9 56.2 81.2 56.1 130.5 0 101.8-84.9 184.6-186.6 184.6zm101.2-138.2c-5.5-2.8-32.8-16.2-37.9-18-5.1-1.9-8.8-2.8-12.5 2.8-3.7 5.6-14.3 18-17.6 21.8-3.2 3.7-6.5 4.2-12 1.4-32.6-16.3-54-29.1-75.5-66-5.7-9.8 5.7-9.1 16.3-30.3 1.8-3.7.9-6.9-.5-9.7-1.4-2.8-12.5-30.1-17.1-41.2-4.5-10.8-9.1-9.3-12.5-9.5-3.2-.2-6.9-.2-10.6-.2-3.7 0-9.7 1.4-14.8 6.9-5.1 5.6-19.4 19-19.4 46.3 0 27.3 19.9 53.7 22.6 57.4 2.8 3.7 39.1 59.7 94.8 83.8 35.2 15.2 49 16.5 66.6 13.9 10.7-1.6 32.8-13.4 37.4-26.4 4.6-13 4.6-24.1 3.2-26.4-1.3-2.5-5-3.9-10.5-6.6z\"><\/path><\/svg>\t\t\t\t\t<\/a>\n\t\t\t\t<\/span>\n\t\t\t\t\t<\/div>\n\t\t\t\t\t\t<\/div>\n\t\t\t\t<\/div>\n\t\t\t\t\t<\/div>\n\t\t\t\t<\/div>\n\t\t<div class=\"elementor-element elementor-element-c411012 e-flex e-con-boxed e-con e-parent\" data-id=\"c411012\" data-element_type=\"container\" data-e-type=\"container\">\n\t\t\t\t\t<div class=\"e-con-inner\">\n\t\t\t\t<div class=\"elementor-element elementor-element-8afa72a elementor-blockquote--skin-quotation elementor-blockquote--align-left elementor-widget elementor-widget-blockquote\" data-id=\"8afa72a\" data-element_type=\"widget\" data-e-type=\"widget\" data-widget_type=\"blockquote.default\">\n\t\t\t\t<div class=\"elementor-widget-container\">\n\t\t\t\t\t\t\t<blockquote class=\"elementor-blockquote\">\n\t\t\t<p class=\"elementor-blockquote__content\">\n\t\t\t\tLa fuerza del equipo reside en cada miembro individual. La fuerza de cada miembro reside en el equipo. \t\t\t<\/p>\n\t\t\t\t\t\t\t<div class=\"e-q-footer\">\n\t\t\t\t\t\t\t\t\t\t\t<cite class=\"elementor-blockquote__author\">Phil Jackson<\/cite>\n\t\t\t\t\t\t\t\t\t\t\t\t\t\t<\/div>\n\t\t\t\t\t<\/blockquote>\n\t\t\t\t\t\t<\/div>\n\t\t\t\t<\/div>\n\t\t\t\t\t<\/div>\n\t\t\t\t<\/div>\n\t\t<div class=\"elementor-element elementor-element-2776be4 e-flex e-con-boxed e-con e-parent\" data-id=\"2776be4\" data-element_type=\"container\" data-e-type=\"container\">\n\t\t\t\t\t<div class=\"e-con-inner\">\n\t\t\t\t<div class=\"elementor-element elementor-element-add25b1 elementor-widget elementor-widget-heading\" data-id=\"add25b1\" data-element_type=\"widget\" data-e-type=\"widget\" data-widget_type=\"heading.default\">\n\t\t\t\t<div class=\"elementor-widget-container\">\n\t\t\t\t\t<h2 class=\"elementor-heading-title elementor-size-default\">Cocina estudio Paguera<\/h2>\t\t\t\t<\/div>\n\t\t\t\t<\/div>\n\t\t<div class=\"elementor-element elementor-element-31a9790 e-grid e-con-full e-con e-child\" data-id=\"31a9790\" data-element_type=\"container\" data-e-type=\"container\">\n\t\t\t\t<div class=\"elementor-element elementor-element-d112944 e-transform elementor-position-top elementor-widget elementor-widget-image-box\" data-id=\"d112944\" data-element_type=\"widget\" data-e-type=\"widget\" data-settings=\"{&quot;_transform_scale_effect_hover&quot;:{&quot;unit&quot;:&quot;px&quot;,&quot;size&quot;:1.1,&quot;sizes&quot;:[]},&quot;_transform_scale_effect_hover_tablet&quot;:{&quot;unit&quot;:&quot;px&quot;,&quot;size&quot;:&quot;&quot;,&quot;sizes&quot;:[]},&quot;_transform_scale_effect_hover_mobile&quot;:{&quot;unit&quot;:&quot;px&quot;,&quot;size&quot;:&quot;&quot;,&quot;sizes&quot;:[]}}\" data-widget_type=\"image-box.default\">\n\t\t\t\t<div class=\"elementor-widget-container\">\n\t\t\t\t\t<div class=\"elementor-image-box-wrapper\"><figure class=\"elementor-image-box-img\"><img fetchpriority=\"high\" decoding=\"async\" width=\"800\" height=\"800\" src=\"https:\/\/www.deku.es\/wp-content\/uploads\/2025\/10\/demo_frau.jpg\" class=\"attachment-full size-full wp-image-1870\" alt=\"Mujer con pelo rubio, retrato\" srcset=\"https:\/\/www.deku.es\/wp-content\/uploads\/2025\/10\/demo_frau.jpg 800w, https:\/\/www.deku.es\/wp-content\/uploads\/2025\/10\/demo_frau-300x300.jpg 300w, https:\/\/www.deku.es\/wp-content\/uploads\/2025\/10\/demo_frau-150x150.jpg 150w, https:\/\/www.deku.es\/wp-content\/uploads\/2025\/10\/demo_frau-768x768.jpg 768w\" sizes=\"(max-width: 800px) 100vw, 800px\" \/><\/figure><div class=\"elementor-image-box-content\"><h3 class=\"elementor-image-box-title\">Susanne Stommel<\/h3><p class=\"elementor-image-box-description\">Susanne Stommel es responsable de la gesti\u00f3n estructural de la empresa en deku y coordina en segundo plano todos los procesos organizativos. Como experimentada vendedora de cocinas y planificadora de muebles individuales, combina conocimientos profundos con muchos a\u00f1os de experiencia en el oficio de carpintera. \n<\/br><\/br>\nSe centra en la planificaci\u00f3n bien pensada de soluciones personalizadas de cocina y mobiliario que combinan la precisi\u00f3n artesanal con la claridad del dise\u00f1o. Con su profundo conocimiento de los materiales, la construcci\u00f3n y los detalles, crea conceptos que combinan funcionalidad, calidad y dise\u00f1o al m\u00e1s alto nivel. <\/p><\/div><\/div>\t\t\t\t<\/div>\n\t\t\t\t<\/div>\n\t\t\t\t<div class=\"elementor-element elementor-element-fc89622 e-transform elementor-position-top elementor-widget elementor-widget-image-box\" data-id=\"fc89622\" data-element_type=\"widget\" data-e-type=\"widget\" data-settings=\"{&quot;_transform_scale_effect_hover&quot;:{&quot;unit&quot;:&quot;px&quot;,&quot;size&quot;:1.1,&quot;sizes&quot;:[]},&quot;_transform_scale_effect_hover_tablet&quot;:{&quot;unit&quot;:&quot;px&quot;,&quot;size&quot;:&quot;&quot;,&quot;sizes&quot;:[]},&quot;_transform_scale_effect_hover_mobile&quot;:{&quot;unit&quot;:&quot;px&quot;,&quot;size&quot;:&quot;&quot;,&quot;sizes&quot;:[]}}\" data-widget_type=\"image-box.default\">\n\t\t\t\t<div class=\"elementor-widget-container\">\n\t\t\t\t\t<div class=\"elementor-image-box-wrapper\"><figure class=\"elementor-image-box-img\"><img decoding=\"async\" width=\"800\" height=\"800\" src=\"https:\/\/www.deku.es\/wp-content\/uploads\/2025\/10\/demo_frau2.jpg\" class=\"attachment-full size-full wp-image-1880\" alt=\"Retrato de mujer con pelo oscuro\" srcset=\"https:\/\/www.deku.es\/wp-content\/uploads\/2025\/10\/demo_frau2.jpg 800w, https:\/\/www.deku.es\/wp-content\/uploads\/2025\/10\/demo_frau2-300x300.jpg 300w, https:\/\/www.deku.es\/wp-content\/uploads\/2025\/10\/demo_frau2-150x150.jpg 150w, https:\/\/www.deku.es\/wp-content\/uploads\/2025\/10\/demo_frau2-768x768.jpg 768w\" sizes=\"(max-width: 800px) 100vw, 800px\" \/><\/figure><div class=\"elementor-image-box-content\"><h3 class=\"elementor-image-box-title\">Andrea Hegler<\/h3><p class=\"elementor-image-box-description\">Desde hace m\u00e1s de 20 a\u00f1os, Andrea Hegler acompa\u00f1a a sus clientes con pasi\u00f3n y experiencia en el camino hacia la <a class=\"wpil_keyword_link\" href=\"https:\/\/www.deku.es\/es\/cocinas\/\" title=\"Cocina\" data-wpil-keyword-link=\"linked\" data-wpil-monitor-id=\"2\">cocina<\/a> perfecta: desde la idea inicial hasta la realizaci\u00f3n precisa. Con un agudo sentido de la est\u00e9tica, la funcionalidad y la calidad, crea espacios de cocina individualizados que combinan armoniosamente estilo y vida cotidiana. <\/p><\/div><\/div>\t\t\t\t<\/div>\n\t\t\t\t<\/div>\n\t\t\t\t<div class=\"elementor-element elementor-element-e9ae061 e-transform elementor-position-top elementor-widget elementor-widget-image-box\" data-id=\"e9ae061\" data-element_type=\"widget\" data-e-type=\"widget\" data-settings=\"{&quot;_transform_scale_effect_hover&quot;:{&quot;unit&quot;:&quot;px&quot;,&quot;size&quot;:1.1,&quot;sizes&quot;:[]},&quot;_transform_scale_effect_hover_tablet&quot;:{&quot;unit&quot;:&quot;px&quot;,&quot;size&quot;:&quot;&quot;,&quot;sizes&quot;:[]},&quot;_transform_scale_effect_hover_mobile&quot;:{&quot;unit&quot;:&quot;px&quot;,&quot;size&quot;:&quot;&quot;,&quot;sizes&quot;:[]}}\" data-widget_type=\"image-box.default\">\n\t\t\t\t<div class=\"elementor-widget-container\">\n\t\t\t\t\t<div class=\"elementor-image-box-wrapper\"><figure class=\"elementor-image-box-img\"><img decoding=\"async\" width=\"800\" height=\"800\" src=\"https:\/\/www.deku.es\/wp-content\/uploads\/2025\/10\/demo_frau3.jpg\" class=\"attachment-full size-full wp-image-1878\" alt=\"Mujer con pelo rizado gris\" srcset=\"https:\/\/www.deku.es\/wp-content\/uploads\/2025\/10\/demo_frau3.jpg 800w, https:\/\/www.deku.es\/wp-content\/uploads\/2025\/10\/demo_frau3-300x300.jpg 300w, https:\/\/www.deku.es\/wp-content\/uploads\/2025\/10\/demo_frau3-150x150.jpg 150w, https:\/\/www.deku.es\/wp-content\/uploads\/2025\/10\/demo_frau3-768x768.jpg 768w\" sizes=\"(max-width: 800px) 100vw, 800px\" \/><\/figure><div class=\"elementor-image-box-content\"><h3 class=\"elementor-image-box-title\">Susanne Schulz<\/h3><p class=\"elementor-image-box-description\">Desde hace m\u00e1s de 20 a\u00f1os, Susanne Schulz inspira a la gente con su experiencia, creatividad y atenci\u00f3n al detalle en la planificaci\u00f3n de cocinas en deku. Como asesora de cocinas experimentada, combina funcionalidad, dise\u00f1o y personalidad para crear soluciones de cocina personalizadas que inspiran. <\/p><\/div><\/div>\t\t\t\t<\/div>\n\t\t\t\t<\/div>\n\t\t\t\t<\/div>\n\t\t\t\t\t<\/div>\n\t\t\t\t<\/div>\n\t\t<div class=\"elementor-element elementor-element-1fcf31a e-flex e-con-boxed e-con e-parent\" data-id=\"1fcf31a\" data-element_type=\"container\" data-e-type=\"container\">\n\t\t\t\t\t<div class=\"e-con-inner\">\n\t\t\t\t<div class=\"elementor-element elementor-element-5fe8c6d elementor-widget elementor-widget-heading\" data-id=\"5fe8c6d\" data-element_type=\"widget\" data-e-type=\"widget\" data-widget_type=\"heading.default\">\n\t\t\t\t<div class=\"elementor-widget-container\">\n\t\t\t\t\t<h2 class=\"elementor-heading-title elementor-size-default\">Construcci\u00f3n de muebles<\/h2>\t\t\t\t<\/div>\n\t\t\t\t<\/div>\n\t\t<div class=\"elementor-element elementor-element-4695cd0 e-grid e-con-full e-con e-child\" data-id=\"4695cd0\" data-element_type=\"container\" data-e-type=\"container\">\n\t\t\t\t<div class=\"elementor-element elementor-element-6a301cc e-transform elementor-position-top elementor-widget elementor-widget-image-box\" data-id=\"6a301cc\" data-element_type=\"widget\" data-e-type=\"widget\" data-settings=\"{&quot;_transform_scale_effect_hover&quot;:{&quot;unit&quot;:&quot;px&quot;,&quot;size&quot;:1.1,&quot;sizes&quot;:[]},&quot;_transform_scale_effect_hover_tablet&quot;:{&quot;unit&quot;:&quot;px&quot;,&quot;size&quot;:&quot;&quot;,&quot;sizes&quot;:[]},&quot;_transform_scale_effect_hover_mobile&quot;:{&quot;unit&quot;:&quot;px&quot;,&quot;size&quot;:&quot;&quot;,&quot;sizes&quot;:[]}}\" data-widget_type=\"image-box.default\">\n\t\t\t\t<div class=\"elementor-widget-container\">\n\t\t\t\t\t<div class=\"elementor-image-box-wrapper\"><figure class=\"elementor-image-box-img\"><img loading=\"lazy\" decoding=\"async\" width=\"800\" height=\"800\" src=\"https:\/\/www.deku.es\/wp-content\/uploads\/2025\/10\/demo_mann.jpg\" class=\"attachment-full size-full wp-image-1872\" alt=\"Hombre lijando madera\" srcset=\"https:\/\/www.deku.es\/wp-content\/uploads\/2025\/10\/demo_mann.jpg 800w, https:\/\/www.deku.es\/wp-content\/uploads\/2025\/10\/demo_mann-300x300.jpg 300w, https:\/\/www.deku.es\/wp-content\/uploads\/2025\/10\/demo_mann-150x150.jpg 150w, https:\/\/www.deku.es\/wp-content\/uploads\/2025\/10\/demo_mann-768x768.jpg 768w\" sizes=\"(max-width: 800px) 100vw, 800px\" \/><\/figure><div class=\"elementor-image-box-content\"><h3 class=\"elementor-image-box-title\">Stefan T\u00f6pfer<\/h3><p class=\"elementor-image-box-description\">Stefan T\u00f6pfer es Director Gerente de deku y combina la precisi\u00f3n artesanal con la previsi\u00f3n empresarial. Como carpintero de formaci\u00f3n, fabricante de muebles experimentado y economista de empresa, cuenta con m\u00e1s de 30 a\u00f1os de experiencia en la planificaci\u00f3n, producci\u00f3n y realizaci\u00f3n de sofisticados proyectos de interiorismo y cocina. \n<\/br><\/br>\nDirige el taller deku en Son Bugadelles y es sin\u00f3nimo de mano de obra de la m\u00e1xima calidad, atenci\u00f3n t\u00e9cnica a los detalles y soluciones personalizadas. Su trabajo combina la artesan\u00eda tradicional con la tecnolog\u00eda de producci\u00f3n moderna, para obtener cocinas personalizadas que son a la vez funcionales y est\u00e9ticamente agradables. <\/p><\/div><\/div>\t\t\t\t<\/div>\n\t\t\t\t<\/div>\n\t\t\t\t<div class=\"elementor-element elementor-element-bc31baa e-transform elementor-position-top elementor-widget elementor-widget-image-box\" data-id=\"bc31baa\" data-element_type=\"widget\" data-e-type=\"widget\" data-settings=\"{&quot;_transform_scale_effect_hover&quot;:{&quot;unit&quot;:&quot;px&quot;,&quot;size&quot;:1.1,&quot;sizes&quot;:[]},&quot;_transform_scale_effect_hover_tablet&quot;:{&quot;unit&quot;:&quot;px&quot;,&quot;size&quot;:&quot;&quot;,&quot;sizes&quot;:[]},&quot;_transform_scale_effect_hover_mobile&quot;:{&quot;unit&quot;:&quot;px&quot;,&quot;size&quot;:&quot;&quot;,&quot;sizes&quot;:[]}}\" data-widget_type=\"image-box.default\">\n\t\t\t\t<div class=\"elementor-widget-container\">\n\t\t\t\t\t<div class=\"elementor-image-box-wrapper\"><figure class=\"elementor-image-box-img\"><img loading=\"lazy\" decoding=\"async\" width=\"800\" height=\"800\" src=\"https:\/\/www.deku.es\/wp-content\/uploads\/2025\/10\/demo_mann2.jpg\" class=\"attachment-full size-full wp-image-1876\" alt=\"Carpintero risue\u00f1o con madera\" srcset=\"https:\/\/www.deku.es\/wp-content\/uploads\/2025\/10\/demo_mann2.jpg 800w, https:\/\/www.deku.es\/wp-content\/uploads\/2025\/10\/demo_mann2-300x300.jpg 300w, https:\/\/www.deku.es\/wp-content\/uploads\/2025\/10\/demo_mann2-150x150.jpg 150w, https:\/\/www.deku.es\/wp-content\/uploads\/2025\/10\/demo_mann2-768x768.jpg 768w\" sizes=\"(max-width: 800px) 100vw, 800px\" \/><\/figure><div class=\"elementor-image-box-content\"><h3 class=\"elementor-image-box-title\">Marc Behrens<\/h3><p class=\"elementor-image-box-description\">Marc Behrens es maestro carpintero y t\u00e9cnico de la madera, y es responsable de toda la producci\u00f3n en deku. Con m\u00e1s de 40 a\u00f1os de experiencia en muebles y dise\u00f1o de interiores, es sin\u00f3nimo del m\u00e1s alto nivel de precisi\u00f3n artesanal, un profundo conocimiento de los materiales y unos est\u00e1ndares de calidad sin concesiones. \n<\/br><\/br>\nControla los procesos de producci\u00f3n, supervisa cada detalle de la realizaci\u00f3n y se asegura de que la planificaci\u00f3n y la artesan\u00eda est\u00e9n perfectamente coordinadas. Su experiencia constituye la base de soluciones de cocina duraderas y personalizadas del m\u00e1s alto nivel. <\/p><\/div><\/div>\t\t\t\t<\/div>\n\t\t\t\t<\/div>\n\t\t\t\t<div class=\"elementor-element elementor-element-dcfb861 e-transform elementor-position-top elementor-widget elementor-widget-image-box\" data-id=\"dcfb861\" data-element_type=\"widget\" data-e-type=\"widget\" data-settings=\"{&quot;_transform_scale_effect_hover&quot;:{&quot;unit&quot;:&quot;px&quot;,&quot;size&quot;:1.1,&quot;sizes&quot;:[]},&quot;_transform_scale_effect_hover_tablet&quot;:{&quot;unit&quot;:&quot;px&quot;,&quot;size&quot;:&quot;&quot;,&quot;sizes&quot;:[]},&quot;_transform_scale_effect_hover_mobile&quot;:{&quot;unit&quot;:&quot;px&quot;,&quot;size&quot;:&quot;&quot;,&quot;sizes&quot;:[]}}\" data-widget_type=\"image-box.default\">\n\t\t\t\t<div class=\"elementor-widget-container\">\n\t\t\t\t\t<div class=\"elementor-image-box-wrapper\"><figure class=\"elementor-image-box-img\"><img loading=\"lazy\" decoding=\"async\" width=\"800\" height=\"800\" src=\"https:\/\/www.deku.es\/wp-content\/uploads\/2025\/10\/demo_mann3.jpg\" class=\"attachment-full size-full wp-image-1874\" alt=\"Trabajadores de la madera trabajando en el taller\" srcset=\"https:\/\/www.deku.es\/wp-content\/uploads\/2025\/10\/demo_mann3.jpg 800w, https:\/\/www.deku.es\/wp-content\/uploads\/2025\/10\/demo_mann3-300x300.jpg 300w, https:\/\/www.deku.es\/wp-content\/uploads\/2025\/10\/demo_mann3-150x150.jpg 150w, https:\/\/www.deku.es\/wp-content\/uploads\/2025\/10\/demo_mann3-768x768.jpg 768w\" sizes=\"(max-width: 800px) 100vw, 800px\" \/><\/figure><div class=\"elementor-image-box-content\"><h3 class=\"elementor-image-box-title\">Nayland Breakey<\/h3><p class=\"elementor-image-box-description\">Nayland Breakey es nuestro ebanista de habla inglesa y punto central de contacto para los clientes internacionales. Es responsable de la planificaci\u00f3n y el c\u00e1lculo de proyectos de cocina individuales y les presta apoyo desde la fase de concepto inicial hasta el pedido final. \n<\/br><\/br>\nAdem\u00e1s del desarrollo t\u00e9cnico, coordina los procesos organizativos y garantiza una coordinaci\u00f3n precisa entre clientes, proveedores y producci\u00f3n. Su forma estructurada de trabajar y sus conocimientos t\u00e9cnicos garantizan procesos transparentes y una gesti\u00f3n fiable de los proyectos. <\/p><\/div><\/div>\t\t\t\t<\/div>\n\t\t\t\t<\/div>\n\t\t\t\t<\/div>\n\t\t\t\t\t<\/div>\n\t\t\t\t<\/div>\n\t\t\t\t<\/div>\n\t\t","protected":false},"excerpt":{"rendered":"<p>s\u00f3lo sois fuertes juntos EQUIPO deku Desde planificadores experimentados a mentes creativas: nuestro equipo combina experiencia, pasi\u00f3n y sentido del estilo para tu cocina perfecta. Instagram Facebook Envelope Whatsapp La fuerza del equipo reside en cada miembro individual. La fuerza de cada miembro reside en el equipo. Phil Jackson Cocina estudio Paguera Susanne Stommel Susanne [&hellip;]<\/p>\n","protected":false},"author":1,"featured_media":0,"parent":0,"menu_order":0,"comment_status":"closed","ping_status":"closed","template":"","meta":{"_seopress_robots_primary_cat":"","_seopress_titles_title":"Cocina perfecta: equipo de expertos para soluciones personalizadas %%sep%% %%sitetitle%%","_seopress_titles_desc":"Descubre soluciones de cocina personalizadas que combinan experiencia, pasi\u00f3n y estilo. Nuestro equipo te acompa\u00f1ar\u00e1 desde la idea hasta la realizaci\u00f3n. ","_seopress_robots_index":"","_seopress_analysis_target_kw":"","footnotes":""},"class_list":["post-1954","page","type-page","status-publish","hentry"],"_links":{"self":[{"href":"https:\/\/www.deku.es\/es\/wp-json\/wp\/v2\/pages\/1954","targetHints":{"allow":["GET"]}}],"collection":[{"href":"https:\/\/www.deku.es\/es\/wp-json\/wp\/v2\/pages"}],"about":[{"href":"https:\/\/www.deku.es\/es\/wp-json\/wp\/v2\/types\/page"}],"author":[{"embeddable":true,"href":"https:\/\/www.deku.es\/es\/wp-json\/wp\/v2\/users\/1"}],"replies":[{"embeddable":true,"href":"https:\/\/www.deku.es\/es\/wp-json\/wp\/v2\/comments?post=1954"}],"version-history":[{"count":2,"href":"https:\/\/www.deku.es\/es\/wp-json\/wp\/v2\/pages\/1954\/revisions"}],"predecessor-version":[{"id":3990,"href":"https:\/\/www.deku.es\/es\/wp-json\/wp\/v2\/pages\/1954\/revisions\/3990"}],"wp:attachment":[{"href":"https:\/\/www.deku.es\/es\/wp-json\/wp\/v2\/media?parent=1954"}],"curies":[{"name":"wp","href":"https:\/\/api.w.org\/{rel}","templated":true}]}}